{"id":367,"date":"2024-08-27T07:47:44","date_gmt":"2024-08-27T07:47:44","guid":{"rendered":"https:\/\/test.mamutartstudio.com\/?page_id=367"},"modified":"2024-09-23T12:24:29","modified_gmt":"2024-09-23T12:24:29","slug":"talleres","status":"publish","type":"page","link":"https:\/\/mamutartstudio.com\/ca\/talleres\/","title":{"rendered":"Tallers"},"content":{"rendered":"<div data-elementor-type=\"wp-page\" data-elementor-id=\"367\" class=\"elementor elementor-367\" data-elementor-post-type=\"page\">\n\t\t\t\t<div class=\"elementor-element elementor-element-7a24dfb e-flex e-con-boxed e-con e-parent\" data-id=\"7a24dfb\" data-element_type=\"container\">\n\t\t\t\t\t<div class=\"e-con-inner\">\n\t\t\t\t<div class=\"elementor-element elementor-element-2730870 elementor-widget elementor-widget-image\" data-id=\"2730870\" data-element_type=\"widget\" data-widget_type=\"image.default\">\n\t\t\t\t<div class=\"elementor-widget-container\">\n\t\t\t\t\t\t\t\t\t\t\t\t\t<img fetchpriority=\"high\" decoding=\"async\" width=\"800\" height=\"450\" src=\"https:\/\/mamutartstudio.com\/wp-content\/uploads\/2024\/08\/Eva-1024x576.jpg\" class=\"attachment-large size-large wp-image-370\" alt=\"\" srcset=\"https:\/\/mamutartstudio.com\/wp-content\/uploads\/2024\/08\/Eva-1024x576.jpg 1024w, https:\/\/mamutartstudio.com\/wp-content\/uploads\/2024\/08\/Eva-300x169.jpg 300w, https:\/\/mamutartstudio.com\/wp-content\/uploads\/2024\/08\/Eva-768x432.jpg 768w, https:\/\/mamutartstudio.com\/wp-content\/uploads\/2024\/08\/Eva-1536x864.jpg 1536w, https:\/\/mamutartstudio.com\/wp-content\/uploads\/2024\/08\/Eva.jpg 1600w\" sizes=\"(max-width: 800px) 100vw, 800px\" \/>\t\t\t\t\t\t\t\t\t\t\t\t\t<\/div>\n\t\t\t\t<\/div>\n\t\t\t\t\t<\/div>\n\t\t\t\t<\/div>\n\t\t<div class=\"elementor-element elementor-element-e5f920b e-flex e-con-boxed e-con e-parent\" data-id=\"e5f920b\" data-element_type=\"container\">\n\t\t\t\t\t<div class=\"e-con-inner\">\n\t\t\t\t<div class=\"elementor-element elementor-element-884edad elementor-widget elementor-widget-heading\" data-id=\"884edad\" data-element_type=\"widget\" data-widget_type=\"heading.default\">\n\t\t\t\t<div class=\"elementor-widget-container\">\n\t\t\t<style>\/*! elementor - v3.23.0 - 05-08-2024 *\/\n.elementor-heading-title{padding:0;margin:0;line-height:1}.elementor-widget-heading .elementor-heading-title[class*=elementor-size-]>a{color:inherit;font-size:inherit;line-height:inherit}.elementor-widget-heading .elementor-heading-title.elementor-size-small{font-size:15px}.elementor-widget-heading .elementor-heading-title.elementor-size-medium{font-size:19px}.elementor-widget-heading .elementor-heading-title.elementor-size-large{font-size:29px}.elementor-widget-heading .elementor-heading-title.elementor-size-xl{font-size:39px}.elementor-widget-heading .elementor-heading-title.elementor-size-xxl{font-size:59px}<\/style><h2 class=\"elementor-heading-title elementor-size-default\">01 Taller de l'oracle de la Deessa Interior<\/h2>\t\t<\/div>\n\t\t\t\t<\/div>\n\t\t\t\t<div class=\"elementor-element elementor-element-36635ff elementor-widget elementor-widget-text-editor\" data-id=\"36635ff\" data-element_type=\"widget\" data-widget_type=\"text-editor.default\">\n\t\t\t\t<div class=\"elementor-widget-container\">\n\t\t\t<style>\/*! elementor - v3.23.0 - 05-08-2024 *\/\n.elementor-widget-text-editor.elementor-drop-cap-view-stacked .elementor-drop-cap{background-color:#69727d;color:#fff}.elementor-widget-text-editor.elementor-drop-cap-view-framed .elementor-drop-cap{color:#69727d;border:3px solid;background-color:transparent}.elementor-widget-text-editor:not(.elementor-drop-cap-view-default) .elementor-drop-cap{margin-top:8px}.elementor-widget-text-editor:not(.elementor-drop-cap-view-default) .elementor-drop-cap-letter{width:1em;height:1em}.elementor-widget-text-editor .elementor-drop-cap{float:left;text-align:center;line-height:1;font-size:50px}.elementor-widget-text-editor .elementor-drop-cap-letter{display:inline-block}<\/style>\t\t\t\t<p>Deja salir a la Diosa que hay en ti.<\/p><p><span style=\"font-weight: 400;\">Si vols brillar, empoderar-te i tenir una experi\u00e8ncia creativa diferent, aquest taller \u00e9s <\/span><b><\/b><\/p>\t\t\t\t\t\t<\/div>\n\t\t\t\t<\/div>\n\t\t\t\t<div class=\"elementor-element elementor-element-db94040 elementor-widget elementor-widget-text-editor\" data-id=\"db94040\" data-element_type=\"widget\" data-widget_type=\"text-editor.default\">\n\t\t\t\t<div class=\"elementor-widget-container\">\n\t\t\t\t\t\t\t<p><b>En qu\u00e8 consisteix?<\/b><b><\/b><\/p><p><span style=\"font-weight: 400;\">Este taller se ofrece de manera grupal o individual. Antes de la sesi\u00f3n de fotos, tendr\u00e1s actividades creativas para explorar tu divinidad y conectar con tu esencia.\u00a0<\/span><\/p><p><span style=\"font-weight: 400;\">Aquest taller s\u00b4ofereix de manera grupal o individual. Abans de la sessi\u00f3 de fotos, tindreu activitats creatives per explorar la vostra divinitat i connectar amb la vostra ess\u00e8ncia.\u00a0<\/span><\/p><p><b>T'agradaria saber m\u00e9s sobre aquest taller i veure'n exemples reals?\u00a0<\/b><span style=\"font-weight: 400;\">Descobreix-ne tots els detalls<\/span><a href=\"https:\/\/mamutartstudio.com\/ca\/proyectos\/\"><span style=\"font-weight: 400;\"> AQU\u00cd<\/span><span style=\"font-weight: 400;\">.\u00a0<\/span><\/a><\/p>\t\t\t\t\t\t<\/div>\n\t\t\t\t<\/div>\n\t\t\t\t<div class=\"elementor-element elementor-element-bcc1e80 elementor-widget elementor-widget-text-editor\" data-id=\"bcc1e80\" data-element_type=\"widget\" data-widget_type=\"text-editor.default\">\n\t\t\t\t<div class=\"elementor-widget-container\">\n\t\t\t\t\t\t\t<p>T'interessa portar aquest taller al teu centre o fer-ho de manera individual?<\/p>\t\t\t\t\t\t<\/div>\n\t\t\t\t<\/div>\n\t\t\t\t\t<\/div>\n\t\t\t\t<\/div>\n\t\t<div class=\"elementor-element elementor-element-f7dd059 e-con-full e-flex e-con e-parent\" data-id=\"f7dd059\" data-element_type=\"container\">\n\t\t<div class=\"elementor-element elementor-element-3693238 e-con-full e-flex e-con e-child\" data-id=\"3693238\" data-element_type=\"container\">\n\t\t\t\t<div class=\"elementor-element elementor-element-3b7d8a7 block-picture elementor-widget elementor-widget-image\" data-id=\"3b7d8a7\" data-element_type=\"widget\" data-widget_type=\"image.default\">\n\t\t\t\t<div class=\"elementor-widget-container\">\n\t\t\t\t\t\t\t\t\t\t\t\t\t<img decoding=\"async\" width=\"800\" height=\"448\" src=\"https:\/\/mamutartstudio.com\/wp-content\/uploads\/2024\/08\/magnific-CiuD5uwWl2XQhyx2rRte-lnicky16_httpss.mj_.runREICmpB-8Cc_magic_lavender_-ar_169_e8075573-8c3b-457b-b520-df68b68deb40_0-1024x574.png\" class=\"attachment-large size-large wp-image-376\" alt=\"\" srcset=\"https:\/\/mamutartstudio.com\/wp-content\/uploads\/2024\/08\/magnific-CiuD5uwWl2XQhyx2rRte-lnicky16_httpss.mj_.runREICmpB-8Cc_magic_lavender_-ar_169_e8075573-8c3b-457b-b520-df68b68deb40_0-1024x574.png 1024w, https:\/\/mamutartstudio.com\/wp-content\/uploads\/2024\/08\/magnific-CiuD5uwWl2XQhyx2rRte-lnicky16_httpss.mj_.runREICmpB-8Cc_magic_lavender_-ar_169_e8075573-8c3b-457b-b520-df68b68deb40_0-300x168.png 300w, https:\/\/mamutartstudio.com\/wp-content\/uploads\/2024\/08\/magnific-CiuD5uwWl2XQhyx2rRte-lnicky16_httpss.mj_.runREICmpB-8Cc_magic_lavender_-ar_169_e8075573-8c3b-457b-b520-df68b68deb40_0-768x430.png 768w, https:\/\/mamutartstudio.com\/wp-content\/uploads\/2024\/08\/magnific-CiuD5uwWl2XQhyx2rRte-lnicky16_httpss.mj_.runREICmpB-8Cc_magic_lavender_-ar_169_e8075573-8c3b-457b-b520-df68b68deb40_0-1536x861.png 1536w, https:\/\/mamutartstudio.com\/wp-content\/uploads\/2024\/08\/magnific-CiuD5uwWl2XQhyx2rRte-lnicky16_httpss.mj_.runREICmpB-8Cc_magic_lavender_-ar_169_e8075573-8c3b-457b-b520-df68b68deb40_0-2048x1148.png 2048w\" sizes=\"(max-width: 800px) 100vw, 800px\" \/>\t\t\t\t\t\t\t\t\t\t\t\t\t<\/div>\n\t\t\t\t<\/div>\n\t\t\t\t<\/div>\n\t\t<div class=\"elementor-element elementor-element-8089726 e-con-full e-flex e-con e-child\" data-id=\"8089726\" data-element_type=\"container\" data-settings=\"{&quot;background_background&quot;:&quot;classic&quot;}\">\n\t\t\t\t<div class=\"elementor-element elementor-element-78eea27 elementor-widget elementor-widget-heading\" data-id=\"78eea27\" data-element_type=\"widget\" data-widget_type=\"heading.default\">\n\t\t\t\t<div class=\"elementor-widget-container\">\n\t\t\t<h2 class=\"elementor-heading-title elementor-size-default\">02 Taller \"Revela el teu M\u00f3n Interior\"<\/h2>\t\t<\/div>\n\t\t\t\t<\/div>\n\t\t\t\t<div class=\"elementor-element elementor-element-b8dabeb elementor-widget elementor-widget-text-editor\" data-id=\"b8dabeb\" data-element_type=\"widget\" data-widget_type=\"text-editor.default\">\n\t\t\t\t<div class=\"elementor-widget-container\">\n\t\t\t\t\t\t\t<p><span style=\"font-weight: 400;\">Explora la fotografia de fantasia i descobreix la m\u00e0gia del teu interior.<\/span><\/p><p><span style=\"font-weight: 400;\">Us convidem a un emocionant viatge d'autodescobriment a trav\u00e9s de la fotografia de fantasia. Combina creativitat i t\u00e8cnica per explicar la teva hist\u00f2ria personal de manera \u00fanica i impactant.<\/span><\/p>\t\t\t\t\t\t<\/div>\n\t\t\t\t<\/div>\n\t\t\t\t<div class=\"elementor-element elementor-element-d46f623 elementor-widget elementor-widget-text-editor\" data-id=\"d46f623\" data-element_type=\"widget\" data-widget_type=\"text-editor.default\">\n\t\t\t\t<div class=\"elementor-widget-container\">\n\t\t\t\t\t\t\t<p><b>En qu\u00e8 consisteix?<\/b><b><br \/><\/b><span style=\"font-weight: 400;\">Aprendreu a utilitzar la fotografia com a mitj\u00e0 d'expressi\u00f3, dominant t\u00e8cniques de fantasia per capturar imatges plenes de llum, color i m\u00e0gia, reflectint les vostres experi\u00e8ncies i emocions.<\/span><\/p><p><span style=\"font-weight: 400;\">Aquest taller est\u00e0 programat al Centre C\u00edvic de la Marineta al febrer de 2025.<\/span><\/p><p><b>T'interessa?\u00a0<\/b><a href=\"https:\/\/mamutartstudio.com\/ca\/contact\/\"><span style=\"font-weight: 400;\">CONTACTA'NS<\/span><\/a><span style=\"font-weight: 400;\">\u00a0per rebre actualitzacions quan surtin les inscripcions.<\/span><i><span style=\"font-weight: 400;\">\u00a0<\/span><\/i><\/p>\t\t\t\t\t\t<\/div>\n\t\t\t\t<\/div>\n\t\t\t\t<div class=\"elementor-element elementor-element-08f9504 elementor-widget elementor-widget-text-editor\" data-id=\"08f9504\" data-element_type=\"widget\" data-widget_type=\"text-editor.default\">\n\t\t\t\t<div class=\"elementor-widget-container\">\n\t\t\t\t\t\t\t<p>T'agradaria organitzar aquest taller al teu centre?<span style=\"font-weight: 400;\">\u00a0<\/span><\/p>\t\t\t\t\t\t<\/div>\n\t\t\t\t<\/div>\n\t\t\t\t<\/div>\n\t\t\t\t<\/div>\n\t\t<div class=\"elementor-element elementor-element-928424b e-con-full e-flex e-con e-parent\" data-id=\"928424b\" data-element_type=\"container\">\n\t\t<div class=\"elementor-element elementor-element-afb21c2 e-con-full e-flex e-con e-child\" data-id=\"afb21c2\" data-element_type=\"container\" data-settings=\"{&quot;background_background&quot;:&quot;classic&quot;}\">\n\t\t\t\t<div class=\"elementor-element elementor-element-628eb4b elementor-widget elementor-widget-heading\" data-id=\"628eb4b\" data-element_type=\"widget\" data-widget_type=\"heading.default\">\n\t\t\t\t<div class=\"elementor-widget-container\">\n\t\t\t<h2 class=\"elementor-heading-title elementor-size-default\">03 Tallers d'olis essencials i plantes medicinals<\/h2>\t\t<\/div>\n\t\t\t\t<\/div>\n\t\t\t\t<div class=\"elementor-element elementor-element-365235f elementor-widget elementor-widget-text-editor\" data-id=\"365235f\" data-element_type=\"widget\" data-widget_type=\"text-editor.default\">\n\t\t\t\t<div class=\"elementor-widget-container\">\n\t\t\t\t\t\t\t<p><b>L'alqu\u00edmia m\u00e0gica de la natura.<\/b><\/p><p><span style=\"font-weight: 400;\">Submergeix-te a l'univers dels olis essencials i les plantes medicinals.\u00a0\u00a0<\/span><span style=\"font-weight: 400;\">Descobreix-ne les propietats curatives i m\u00e0giques, i apr\u00e8n com fer-los servir per al benestar f\u00edsic, emocional i espiritual.<\/span><\/p>\t\t\t\t\t\t<\/div>\n\t\t\t\t<\/div>\n\t\t\t\t<div class=\"elementor-element elementor-element-6c834e7 elementor-widget elementor-widget-text-editor\" data-id=\"6c834e7\" data-element_type=\"widget\" data-widget_type=\"text-editor.default\">\n\t\t\t\t<div class=\"elementor-widget-container\">\n\t\t\t\t\t\t\t<p><b>Opcions de tallers:<\/b><\/p><ul><li style=\"font-weight: 400;\" aria-level=\"1\"><b>Olis Ancestrals<\/b><\/li><\/ul><p><span style=\"font-weight: 400;\">Coneix olis essencials, hist\u00f2ria, propietats m\u00e0giques i aplicacions pr\u00e0ctiques.<\/span><\/p><ul><li style=\"font-weight: 400;\" aria-level=\"1\"><b>Perfums Naturals<\/b><\/li><\/ul><p><span style=\"font-weight: 400;\">\u00a0Apr\u00e8n a crear el teu propi perfum amb olis essencials, descobrint-ne la tradici\u00f3 i la m\u00e0gia.<\/span><\/p><p><span style=\"font-weight: 400;\">Aquests tallers estan programats al Centre C\u00edvic de la Marineta. <\/span><\/p><p>T'agradaria assistir-hi?\u00a0<strong><a href=\"https:\/\/mamutartstudio.com\/ca\/contact\/\">ESCRIU-NOS <\/a><\/strong>\u00a0<span style=\"font-weight: 400;\">i us avisarem quan s'obrin les inscripcions.\u00a0<\/span><\/p>\t\t\t\t\t\t<\/div>\n\t\t\t\t<\/div>\n\t\t\t\t<div class=\"elementor-element elementor-element-234a5cf elementor-widget elementor-widget-text-editor\" data-id=\"234a5cf\" data-element_type=\"widget\" data-widget_type=\"text-editor.default\">\n\t\t\t\t<div class=\"elementor-widget-container\">\n\t\t\t\t\t\t\t<p>\u00bfQuieres llevar estos talleres a tu centro?<\/p>\t\t\t\t\t\t<\/div>\n\t\t\t\t<\/div>\n\t\t\t\t<\/div>\n\t\t<div class=\"elementor-element elementor-element-61238a5 e-con-full e-flex e-con e-child\" data-id=\"61238a5\" data-element_type=\"container\">\n\t\t\t\t<div class=\"elementor-element elementor-element-f6f0136 block-picture elementor-widget elementor-widget-image\" data-id=\"f6f0136\" data-element_type=\"widget\" data-widget_type=\"image.default\">\n\t\t\t\t<div class=\"elementor-widget-container\">\n\t\t\t\t\t\t\t\t\t\t\t\t\t<img decoding=\"async\" width=\"800\" height=\"448\" src=\"https:\/\/mamutartstudio.com\/wp-content\/uploads\/2024\/08\/lnicky16_bottles_of_different_essential_oils_on_a_table_with__9c6316e1-24df-4b92-99a1-8617601ef99a_0-1024x574.png\" class=\"attachment-large size-large wp-image-375\" alt=\"\" srcset=\"https:\/\/mamutartstudio.com\/wp-content\/uploads\/2024\/08\/lnicky16_bottles_of_different_essential_oils_on_a_table_with__9c6316e1-24df-4b92-99a1-8617601ef99a_0-1024x574.png 1024w, https:\/\/mamutartstudio.com\/wp-content\/uploads\/2024\/08\/lnicky16_bottles_of_different_essential_oils_on_a_table_with__9c6316e1-24df-4b92-99a1-8617601ef99a_0-300x168.png 300w, https:\/\/mamutartstudio.com\/wp-content\/uploads\/2024\/08\/lnicky16_bottles_of_different_essential_oils_on_a_table_with__9c6316e1-24df-4b92-99a1-8617601ef99a_0-768x430.png 768w, https:\/\/mamutartstudio.com\/wp-content\/uploads\/2024\/08\/lnicky16_bottles_of_different_essential_oils_on_a_table_with__9c6316e1-24df-4b92-99a1-8617601ef99a_0.png 1456w\" sizes=\"(max-width: 800px) 100vw, 800px\" \/>\t\t\t\t\t\t\t\t\t\t\t\t\t<\/div>\n\t\t\t\t<\/div>\n\t\t\t\t<\/div>\n\t\t\t\t<\/div>\n\t\t\t\t<\/div>","protected":false},"excerpt":{"rendered":"<p>01 Taller del Or\u00e1culo de la Diosa Interior\u200b Deja salir a la Diosa que hay en ti. Si quieres brillar, empoderarte y tener una experiencia creativa diferente, este taller es \u00bfEn qu\u00e9 consiste? Este taller se ofrece de manera grupal o individual. Antes de la sesi\u00f3n de fotos, tendr\u00e1s actividades creativas para explorar tu divinidad [&hellip;]<\/p>","protected":false},"author":1,"featured_media":0,"parent":0,"menu_order":0,"comment_status":"closed","ping_status":"closed","template":"elementor_header_footer","meta":{"footnotes":""},"class_list":["post-367","page","type-page","status-publish","hentry"],"yoast_head":"<!-- This site is optimized with the Yoast SEO plugin v23.4 - https:\/\/yoast.com\/wordpress\/plugins\/seo\/ -->\n<title>Talleres - Mamut Art Studio<\/title>\n<meta name=\"robots\" content=\"index, follow, max-snippet:-1, max-image-preview:large, max-video-preview:-1\" \/>\n<link rel=\"canonical\" href=\"https:\/\/mamutartstudio.com\/ca\/talleres\/\" \/>\n<meta property=\"og:locale\" content=\"ca_ES\" \/>\n<meta property=\"og:type\" content=\"article\" \/>\n<meta property=\"og:title\" content=\"Talleres - Mamut Art Studio\" \/>\n<meta property=\"og:description\" content=\"01 Taller del Or\u00e1culo de la Diosa Interior\u200b Deja salir a la Diosa que hay en ti. Si quieres brillar, empoderarte y tener una experiencia creativa diferente, este taller es \u00bfEn qu\u00e9 consiste? Este taller se ofrece de manera grupal o individual. Antes de la sesi\u00f3n de fotos, tendr\u00e1s actividades creativas para explorar tu divinidad [&hellip;]\" \/>\n<meta property=\"og:url\" content=\"https:\/\/mamutartstudio.com\/ca\/talleres\/\" \/>\n<meta property=\"og:site_name\" content=\"Mamut Art Studio\" \/>\n<meta property=\"article:modified_time\" content=\"2024-09-23T12:24:29+00:00\" \/>\n<meta property=\"og:image\" content=\"https:\/\/mamutartstudio.com\/wp-content\/uploads\/2024\/08\/Eva-1024x576.jpg\" \/>\n<meta name=\"twitter:card\" content=\"summary_large_image\" \/>\n<meta name=\"twitter:label1\" content=\"Temps estimat de lectura\" \/>\n\t<meta name=\"twitter:data1\" content=\"3 minuts\" \/>\n<script type=\"application\/ld+json\" class=\"yoast-schema-graph\">{\"@context\":\"https:\/\/schema.org\",\"@graph\":[{\"@type\":\"WebPage\",\"@id\":\"https:\/\/mamutartstudio.com\/talleres\/\",\"url\":\"https:\/\/mamutartstudio.com\/talleres\/\",\"name\":\"Talleres - Mamut Art Studio\",\"isPartOf\":{\"@id\":\"https:\/\/mamutartstudio.com\/#website\"},\"primaryImageOfPage\":{\"@id\":\"https:\/\/mamutartstudio.com\/talleres\/#primaryimage\"},\"image\":{\"@id\":\"https:\/\/mamutartstudio.com\/talleres\/#primaryimage\"},\"thumbnailUrl\":\"https:\/\/mamutartstudio.com\/wp-content\/uploads\/2024\/08\/Eva-1024x576.jpg\",\"datePublished\":\"2024-08-27T07:47:44+00:00\",\"dateModified\":\"2024-09-23T12:24:29+00:00\",\"breadcrumb\":{\"@id\":\"https:\/\/mamutartstudio.com\/talleres\/#breadcrumb\"},\"inLanguage\":\"ca\",\"potentialAction\":[{\"@type\":\"ReadAction\",\"target\":[\"https:\/\/mamutartstudio.com\/talleres\/\"]}]},{\"@type\":\"ImageObject\",\"inLanguage\":\"ca\",\"@id\":\"https:\/\/mamutartstudio.com\/talleres\/#primaryimage\",\"url\":\"https:\/\/mamutartstudio.com\/wp-content\/uploads\/2024\/08\/Eva-1024x576.jpg\",\"contentUrl\":\"https:\/\/mamutartstudio.com\/wp-content\/uploads\/2024\/08\/Eva-1024x576.jpg\"},{\"@type\":\"BreadcrumbList\",\"@id\":\"https:\/\/mamutartstudio.com\/talleres\/#breadcrumb\",\"itemListElement\":[{\"@type\":\"ListItem\",\"position\":1,\"name\":\"Home\",\"item\":\"https:\/\/mamutartstudio.com\/\"},{\"@type\":\"ListItem\",\"position\":2,\"name\":\"Talleres\"}]},{\"@type\":\"WebSite\",\"@id\":\"https:\/\/mamutartstudio.com\/#website\",\"url\":\"https:\/\/mamutartstudio.com\/\",\"name\":\"Mamut Art Studio\",\"description\":\"\",\"publisher\":{\"@id\":\"https:\/\/mamutartstudio.com\/#organization\"},\"potentialAction\":[{\"@type\":\"SearchAction\",\"target\":{\"@type\":\"EntryPoint\",\"urlTemplate\":\"https:\/\/mamutartstudio.com\/?s={search_term_string}\"},\"query-input\":{\"@type\":\"PropertyValueSpecification\",\"valueRequired\":true,\"valueName\":\"search_term_string\"}}],\"inLanguage\":\"ca\"},{\"@type\":\"Organization\",\"@id\":\"https:\/\/mamutartstudio.com\/#organization\",\"name\":\"Mamut Art Studio\",\"url\":\"https:\/\/mamutartstudio.com\/\",\"logo\":{\"@type\":\"ImageObject\",\"inLanguage\":\"ca\",\"@id\":\"https:\/\/mamutartstudio.com\/#\/schema\/logo\/image\/\",\"url\":\"https:\/\/mamutartstudio.com\/wp-content\/uploads\/2024\/08\/MamutArtStudio_NewLogo-2-1-1.png\",\"contentUrl\":\"https:\/\/mamutartstudio.com\/wp-content\/uploads\/2024\/08\/MamutArtStudio_NewLogo-2-1-1.png\",\"width\":234,\"height\":81,\"caption\":\"Mamut Art Studio\"},\"image\":{\"@id\":\"https:\/\/mamutartstudio.com\/#\/schema\/logo\/image\/\"}}]}<\/script>\n<!-- \/ Yoast SEO plugin. -->","yoast_head_json":{"title":"Talleres - Mamut Art Studio","robots":{"index":"index","follow":"follow","max-snippet":"max-snippet:-1","max-image-preview":"max-image-preview:large","max-video-preview":"max-video-preview:-1"},"canonical":"https:\/\/mamutartstudio.com\/ca\/talleres\/","og_locale":"ca_ES","og_type":"article","og_title":"Talleres - Mamut Art Studio","og_description":"01 Taller del Or\u00e1culo de la Diosa Interior\u200b Deja salir a la Diosa que hay en ti. Si quieres brillar, empoderarte y tener una experiencia creativa diferente, este taller es \u00bfEn qu\u00e9 consiste? Este taller se ofrece de manera grupal o individual. Antes de la sesi\u00f3n de fotos, tendr\u00e1s actividades creativas para explorar tu divinidad [&hellip;]","og_url":"https:\/\/mamutartstudio.com\/ca\/talleres\/","og_site_name":"Mamut Art Studio","article_modified_time":"2024-09-23T12:24:29+00:00","og_image":[{"url":"https:\/\/mamutartstudio.com\/wp-content\/uploads\/2024\/08\/Eva-1024x576.jpg"}],"twitter_card":"summary_large_image","twitter_misc":{"Temps estimat de lectura":"3 minuts"},"schema":{"@context":"https:\/\/schema.org","@graph":[{"@type":"WebPage","@id":"https:\/\/mamutartstudio.com\/talleres\/","url":"https:\/\/mamutartstudio.com\/talleres\/","name":"Talleres - Mamut Art Studio","isPartOf":{"@id":"https:\/\/mamutartstudio.com\/#website"},"primaryImageOfPage":{"@id":"https:\/\/mamutartstudio.com\/talleres\/#primaryimage"},"image":{"@id":"https:\/\/mamutartstudio.com\/talleres\/#primaryimage"},"thumbnailUrl":"https:\/\/mamutartstudio.com\/wp-content\/uploads\/2024\/08\/Eva-1024x576.jpg","datePublished":"2024-08-27T07:47:44+00:00","dateModified":"2024-09-23T12:24:29+00:00","breadcrumb":{"@id":"https:\/\/mamutartstudio.com\/talleres\/#breadcrumb"},"inLanguage":"ca","potentialAction":[{"@type":"ReadAction","target":["https:\/\/mamutartstudio.com\/talleres\/"]}]},{"@type":"ImageObject","inLanguage":"ca","@id":"https:\/\/mamutartstudio.com\/talleres\/#primaryimage","url":"https:\/\/mamutartstudio.com\/wp-content\/uploads\/2024\/08\/Eva-1024x576.jpg","contentUrl":"https:\/\/mamutartstudio.com\/wp-content\/uploads\/2024\/08\/Eva-1024x576.jpg"},{"@type":"BreadcrumbList","@id":"https:\/\/mamutartstudio.com\/talleres\/#breadcrumb","itemListElement":[{"@type":"ListItem","position":1,"name":"Home","item":"https:\/\/mamutartstudio.com\/"},{"@type":"ListItem","position":2,"name":"Talleres"}]},{"@type":"WebSite","@id":"https:\/\/mamutartstudio.com\/#website","url":"https:\/\/mamutartstudio.com\/","name":"Mamut Art Studio","description":"","publisher":{"@id":"https:\/\/mamutartstudio.com\/#organization"},"potentialAction":[{"@type":"SearchAction","target":{"@type":"EntryPoint","urlTemplate":"https:\/\/mamutartstudio.com\/?s={search_term_string}"},"query-input":{"@type":"PropertyValueSpecification","valueRequired":true,"valueName":"search_term_string"}}],"inLanguage":"ca"},{"@type":"Organization","@id":"https:\/\/mamutartstudio.com\/#organization","name":"Mamut Art Studio","url":"https:\/\/mamutartstudio.com\/","logo":{"@type":"ImageObject","inLanguage":"ca","@id":"https:\/\/mamutartstudio.com\/#\/schema\/logo\/image\/","url":"https:\/\/mamutartstudio.com\/wp-content\/uploads\/2024\/08\/MamutArtStudio_NewLogo-2-1-1.png","contentUrl":"https:\/\/mamutartstudio.com\/wp-content\/uploads\/2024\/08\/MamutArtStudio_NewLogo-2-1-1.png","width":234,"height":81,"caption":"Mamut Art Studio"},"image":{"@id":"https:\/\/mamutartstudio.com\/#\/schema\/logo\/image\/"}}]}},"_links":{"self":[{"href":"https:\/\/mamutartstudio.com\/ca\/wp-json\/wp\/v2\/pages\/367","targetHints":{"allow":["GET"]}}],"collection":[{"href":"https:\/\/mamutartstudio.com\/ca\/wp-json\/wp\/v2\/pages"}],"about":[{"href":"https:\/\/mamutartstudio.com\/ca\/wp-json\/wp\/v2\/types\/page"}],"author":[{"embeddable":true,"href":"https:\/\/mamutartstudio.com\/ca\/wp-json\/wp\/v2\/users\/1"}],"replies":[{"embeddable":true,"href":"https:\/\/mamutartstudio.com\/ca\/wp-json\/wp\/v2\/comments?post=367"}],"version-history":[{"count":76,"href":"https:\/\/mamutartstudio.com\/ca\/wp-json\/wp\/v2\/pages\/367\/revisions"}],"predecessor-version":[{"id":2004,"href":"https:\/\/mamutartstudio.com\/ca\/wp-json\/wp\/v2\/pages\/367\/revisions\/2004"}],"wp:attachment":[{"href":"https:\/\/mamutartstudio.com\/ca\/wp-json\/wp\/v2\/media?parent=367"}],"curies":[{"name":"wp","href":"https:\/\/api.w.org\/{rel}","templated":true}]}}