{"id":302,"date":"2024-08-26T14:54:10","date_gmt":"2024-08-26T14:54:10","guid":{"rendered":"https:\/\/test.mamutartstudio.com\/?page_id=302"},"modified":"2024-09-23T12:44:12","modified_gmt":"2024-09-23T12:44:12","slug":"somos","status":"publish","type":"page","link":"https:\/\/mamutartstudio.com\/ca\/somos\/","title":{"rendered":"Som"},"content":{"rendered":"<div data-elementor-type=\"wp-page\" data-elementor-id=\"302\" class=\"elementor elementor-302\" data-elementor-post-type=\"page\">\n\t\t\t\t<div class=\"elementor-element elementor-element-81bdfb7 e-flex e-con-boxed e-con e-parent\" data-id=\"81bdfb7\" data-element_type=\"container\">\n\t\t\t\t\t<div class=\"e-con-inner\">\n\t\t\t\t<div class=\"elementor-element elementor-element-81d04b3 elementor-widget elementor-widget-heading\" data-id=\"81d04b3\" data-element_type=\"widget\" data-widget_type=\"heading.default\">\n\t\t\t\t<div class=\"elementor-widget-container\">\n\t\t\t<style>\/*! elementor - v3.23.0 - 05-08-2024 *\/\n.elementor-heading-title{padding:0;margin:0;line-height:1}.elementor-widget-heading .elementor-heading-title[class*=elementor-size-]>a{color:inherit;font-size:inherit;line-height:inherit}.elementor-widget-heading .elementor-heading-title.elementor-size-small{font-size:15px}.elementor-widget-heading .elementor-heading-title.elementor-size-medium{font-size:19px}.elementor-widget-heading .elementor-heading-title.elementor-size-large{font-size:29px}.elementor-widget-heading .elementor-heading-title.elementor-size-xl{font-size:39px}.elementor-widget-heading .elementor-heading-title.elementor-size-xxl{font-size:59px}<\/style><h1 class=\"elementor-heading-title elementor-size-default\">\u201c Mi pasi\u00f3n, mezclar diferentes disciplinas art\u00edsticas.     \nCompartir lo que s\u00e9 con los dem\u00e1s ^_^ \u201d<\/h1>\t\t<\/div>\n\t\t\t\t<\/div>\n\t\t\t\t\t<\/div>\n\t\t\t\t<\/div>\n\t\t<div class=\"elementor-element elementor-element-0c85538 e-flex e-con-boxed e-con e-parent\" data-id=\"0c85538\" data-element_type=\"container\">\n\t\t\t\t\t<div class=\"e-con-inner\">\n\t\t\t\t<div class=\"elementor-element elementor-element-a5f78f2 elementor-widget elementor-widget-image\" data-id=\"a5f78f2\" data-element_type=\"widget\" data-widget_type=\"image.default\">\n\t\t\t\t<div class=\"elementor-widget-container\">\n\t\t\t\t\t\t\t\t\t\t\t\t\t<img fetchpriority=\"high\" decoding=\"async\" width=\"800\" height=\"533\" src=\"https:\/\/mamutartstudio.com\/wp-content\/uploads\/2024\/09\/Muntatge_Rosaura_Lourdes_Efecto-1024x682.jpg\" class=\"attachment-large size-large wp-image-1090\" alt=\"\" srcset=\"https:\/\/mamutartstudio.com\/wp-content\/uploads\/2024\/09\/Muntatge_Rosaura_Lourdes_Efecto-1024x682.jpg 1024w, https:\/\/mamutartstudio.com\/wp-content\/uploads\/2024\/09\/Muntatge_Rosaura_Lourdes_Efecto-300x200.jpg 300w, https:\/\/mamutartstudio.com\/wp-content\/uploads\/2024\/09\/Muntatge_Rosaura_Lourdes_Efecto-768x512.jpg 768w, https:\/\/mamutartstudio.com\/wp-content\/uploads\/2024\/09\/Muntatge_Rosaura_Lourdes_Efecto-1536x1024.jpg 1536w, https:\/\/mamutartstudio.com\/wp-content\/uploads\/2024\/09\/Muntatge_Rosaura_Lourdes_Efecto.jpg 2000w\" sizes=\"(max-width: 800px) 100vw, 800px\" \/>\t\t\t\t\t\t\t\t\t\t\t\t\t<\/div>\n\t\t\t\t<\/div>\n\t\t\t\t\t<\/div>\n\t\t\t\t<\/div>\n\t\t<div class=\"elementor-element elementor-element-c8a6738 e-flex e-con-boxed e-con e-parent\" data-id=\"c8a6738\" data-element_type=\"container\">\n\t\t\t\t\t<div class=\"e-con-inner\">\n\t\t\t\t<div class=\"elementor-element elementor-element-a47340c elementor-widget elementor-widget-text-editor\" data-id=\"a47340c\" data-element_type=\"widget\" data-widget_type=\"text-editor.default\">\n\t\t\t\t<div class=\"elementor-widget-container\">\n\t\t\t<style>\/*! elementor - v3.23.0 - 05-08-2024 *\/\n.elementor-widget-text-editor.elementor-drop-cap-view-stacked .elementor-drop-cap{background-color:#69727d;color:#fff}.elementor-widget-text-editor.elementor-drop-cap-view-framed .elementor-drop-cap{color:#69727d;border:3px solid;background-color:transparent}.elementor-widget-text-editor:not(.elementor-drop-cap-view-default) .elementor-drop-cap{margin-top:8px}.elementor-widget-text-editor:not(.elementor-drop-cap-view-default) .elementor-drop-cap-letter{width:1em;height:1em}.elementor-widget-text-editor .elementor-drop-cap{float:left;text-align:center;line-height:1;font-size:50px}.elementor-widget-text-editor .elementor-drop-cap-letter{display:inline-block}<\/style>\t\t\t\t<p><span style=\"font-weight: 400;\">S\u00f3c <\/span><b>Lourdes Nicolich<\/b><span style=\"font-weight: 400;\">, artista visual amb <\/span><b>m\u00e9s de 10 anys d'experi\u00e8ncia<\/b><span style=\"font-weight: 400;\">, apassionada per barrejar disciplines art\u00edstiques.<\/span> <span style=\"font-weight: 400;\">He crescut<\/span><span style=\"font-weight: 400;\"> envoltada de m\u00fasica<\/span><span style=\"font-weight: 400;\">, videojocs, manualitats, dibuixos, llibres, cinema\u2026 No em puc imaginar una vida sense aquestes coses. <\/span><\/p>\t\t\t\t\t\t<\/div>\n\t\t\t\t<\/div>\n\t\t\t\t<div class=\"elementor-element elementor-element-c2c737f elementor-widget elementor-widget-text-editor\" data-id=\"c2c737f\" data-element_type=\"widget\" data-widget_type=\"text-editor.default\">\n\t\t\t\t<div class=\"elementor-widget-container\">\n\t\t\t\t\t\t\t<p><span style=\"font-weight: 400;\">Des de petita, l'art ha estat <\/span><b>mi refugio<\/b><span style=\"font-weight: 400;\"> i la meva manera de superar moments dif\u00edcils com el bullying. Ara, faig servir aquestes mateixes eines per crear espais on puguis divertir-te, dedicar-te temps, on puguis deixar volar la teva imaginaci\u00f3 i aconseguir capturar fotografies \u00faniques i m\u00e0giques.<\/span><\/p>\t\t\t\t\t\t<\/div>\n\t\t\t\t<\/div>\n\t\t\t\t<div class=\"elementor-element elementor-element-2051c4b elementor-widget elementor-widget-text-editor\" data-id=\"2051c4b\" data-element_type=\"widget\" data-widget_type=\"text-editor.default\">\n\t\t\t\t<div class=\"elementor-widget-container\">\n\t\t\t\t\t\t\t<p><span style=\"font-weight: 400;\">Treball amb <\/span><b>fotografia, il\u00b7lustraci\u00f3 i disseny.<\/b> <span style=\"font-weight: 400;\">S\u00f3c directora creativa, professora i dissenyadora d\u00bfhist\u00f2ries. A m\u00e9s, imparteixo tallers creatius, d'olis essencials i plantes medicinals, on combino creativitat, empoderament i benestar hol\u00edstic. <\/span><\/p><p><span style=\"font-weight: 400;\">M'inspira la llum, la lluna, la fantasia, la natura, i estic encantada de compartir-ho amb tu!<\/span><\/p>\t\t\t\t\t\t<\/div>\n\t\t\t\t<\/div>\n\t\t\t\t\t<\/div>\n\t\t\t\t<\/div>\n\t\t<div class=\"elementor-element elementor-element-5d30070b e-con-full e-flex e-con e-parent\" data-id=\"5d30070b\" data-element_type=\"container\">\n\t\t<div class=\"elementor-element elementor-element-1f1af1cd e-con-full e-flex e-con e-child\" data-id=\"1f1af1cd\" data-element_type=\"container\" data-settings=\"{&quot;background_background&quot;:&quot;classic&quot;}\">\n\t\t\t\t<div class=\"elementor-element elementor-element-dbe4728 elementor-widget elementor-widget-heading\" data-id=\"dbe4728\" data-element_type=\"widget\" data-widget_type=\"heading.default\">\n\t\t\t\t<div class=\"elementor-widget-container\">\n\t\t\t<h2 class=\"elementor-heading-title elementor-size-default\">\u2728El meu viatge \u2728\n<\/h2>\t\t<\/div>\n\t\t\t\t<\/div>\n\t\t\t\t<div class=\"elementor-element elementor-element-9c7e92d elementor-widget elementor-widget-text-editor\" data-id=\"9c7e92d\" data-element_type=\"widget\" data-widget_type=\"text-editor.default\">\n\t\t\t\t<div class=\"elementor-widget-container\">\n\t\t\t\t\t\t\t<p><span style=\"font-weight: 400;\">Aquest any he treballat amb <\/span><b>Joventut de Mollet<\/b><span style=\"font-weight: 400;\">, oferint tallers de fotografia de fantasia i olis essencials a joves. A <\/span><b>Espai Empodera\u2019t<\/b><span style=\"font-weight: 400;\">, he liderat el <\/span><b>Taller de l'oracle de la deessa interior<\/b><span style=\"font-weight: 400;\"> amb el grup de Dones SEM del centre. Tamb\u00e9 he estat membre del jurat al <\/span><b>29\u00e8 Premi de Fotografia de Sant Vicen\u00e7 2024<\/b><span style=\"font-weight: 400;\"> a Mollet del Vall\u00e8s.<\/span><\/p>\t\t\t\t\t\t<\/div>\n\t\t\t\t<\/div>\n\t\t\t\t<div class=\"elementor-element elementor-element-6551ca5a elementor-widget elementor-widget-text-editor\" data-id=\"6551ca5a\" data-element_type=\"widget\" data-widget_type=\"text-editor.default\">\n\t\t\t\t<div class=\"elementor-widget-container\">\n\t\t\t\t\t\t\t<p><span style=\"font-weight: 400;\">a Mollet del Vall\u00e8s. <\/span><b>Mamut Art Studio<\/b><span style=\"font-weight: 400;\"> ha estat\u00a0 seleccionat per a la <\/span><b>primera edici\u00f3 del programa Accelera Startups<\/b><span style=\"font-weight: 400;\"> organitzat per Impact HUB Barcelona + Mentor Day, impulsat per la Uni\u00f3 Europea i el Govern espanyol.<\/span><\/p><p><span style=\"font-weight: 400;\">Com a artista visual i desenvolupadora de videojocs, he rebut diversos premis, incloent-hi <\/span><b>Hidden Gems<\/b><span style=\"font-weight: 400;\">, <\/span><b>App Store Best of 2012<\/b><span style=\"font-weight: 400;\">, y <\/span><b>Best Indie Game 2013<\/b><span style=\"font-weight: 400;\">.<\/span><\/p>\t\t\t\t\t\t<\/div>\n\t\t\t\t<\/div>\n\t\t\t\t<\/div>\n\t\t<div class=\"elementor-element elementor-element-1bec8251 e-con-full e-flex e-con e-child\" data-id=\"1bec8251\" data-element_type=\"container\">\n\t\t\t\t<div class=\"elementor-element elementor-element-1ff80ea3 block-picture elementor-widget elementor-widget-image\" data-id=\"1ff80ea3\" data-element_type=\"widget\" data-widget_type=\"image.default\">\n\t\t\t\t<div class=\"elementor-widget-container\">\n\t\t\t\t\t\t\t\t\t\t\t\t\t<img decoding=\"async\" width=\"800\" height=\"596\" src=\"https:\/\/mamutartstudio.com\/wp-content\/uploads\/2024\/08\/IMG_20240730_004214_458-1024x763.jpg\" class=\"attachment-large size-large wp-image-322\" alt=\"\" srcset=\"https:\/\/mamutartstudio.com\/wp-content\/uploads\/2024\/08\/IMG_20240730_004214_458-1024x763.jpg 1024w, https:\/\/mamutartstudio.com\/wp-content\/uploads\/2024\/08\/IMG_20240730_004214_458-300x224.jpg 300w, https:\/\/mamutartstudio.com\/wp-content\/uploads\/2024\/08\/IMG_20240730_004214_458-768x572.jpg 768w, https:\/\/mamutartstudio.com\/wp-content\/uploads\/2024\/08\/IMG_20240730_004214_458.jpg 1080w\" sizes=\"(max-width: 800px) 100vw, 800px\" \/>\t\t\t\t\t\t\t\t\t\t\t\t\t<\/div>\n\t\t\t\t<\/div>\n\t\t\t\t<\/div>\n\t\t\t\t<\/div>\n\t\t<div class=\"elementor-element elementor-element-53362d47 e-flex e-con-boxed e-con e-parent\" data-id=\"53362d47\" data-element_type=\"container\">\n\t\t\t\t\t<div class=\"e-con-inner\">\n\t\t\t\t<div class=\"elementor-element elementor-element-669d2d91 elementor-widget elementor-widget-heading\" data-id=\"669d2d91\" data-element_type=\"widget\" data-widget_type=\"heading.default\">\n\t\t\t\t<div class=\"elementor-widget-container\">\n\t\t\t<h2 class=\"elementor-heading-title elementor-size-default\">Hem fet<span style=\"color:#e1ad20;\"> m\u00e0gia<\/span><\/h2>\t\t<\/div>\n\t\t\t\t<\/div>\n\t\t<div class=\"elementor-element elementor-element-19e2f6f1 e-con-full e-flex e-con e-child\" data-id=\"19e2f6f1\" data-element_type=\"container\">\n\t\t\t\t<div class=\"elementor-element elementor-element-795ca192 elementor-arrows-position-inside elementor-pagination-position-outside elementor-widget elementor-widget-image-carousel\" data-id=\"795ca192\" data-element_type=\"widget\" data-settings=\"{&quot;slides_to_show&quot;:&quot;5&quot;,&quot;navigation&quot;:&quot;both&quot;,&quot;autoplay&quot;:&quot;yes&quot;,&quot;pause_on_hover&quot;:&quot;yes&quot;,&quot;pause_on_interaction&quot;:&quot;yes&quot;,&quot;autoplay_speed&quot;:5000,&quot;infinite&quot;:&quot;yes&quot;,&quot;speed&quot;:500}\" data-widget_type=\"image-carousel.default\">\n\t\t\t\t<div class=\"elementor-widget-container\">\n\t\t\t<style>\/*! elementor - v3.23.0 - 05-08-2024 *\/\n.elementor-widget-image-carousel .swiper,.elementor-widget-image-carousel .swiper-container{position:static}.elementor-widget-image-carousel .swiper-container .swiper-slide figure,.elementor-widget-image-carousel .swiper .swiper-slide figure{line-height:inherit}.elementor-widget-image-carousel .swiper-slide{text-align:center}.elementor-image-carousel-wrapper:not(.swiper-container-initialized):not(.swiper-initialized) .swiper-slide{max-width:calc(100% \/ var(--e-image-carousel-slides-to-show, 3))}<\/style>\t\t<div class=\"elementor-image-carousel-wrapper swiper\" dir=\"ltr\">\n\t\t\t<div class=\"elementor-image-carousel swiper-wrapper\" aria-live=\"off\">\n\t\t\t\t\t\t\t\t<div class=\"swiper-slide\" role=\"group\" aria-roledescription=\"slide\" aria-label=\"1 de 6\" data-no-translation-aria-label=\"\"><figure class=\"swiper-slide-inner\"><img decoding=\"async\" class=\"swiper-slide-image\" src=\"https:\/\/mamutartstudio.com\/wp-content\/uploads\/2024\/08\/Espai_Empoderat-150x150.png\" alt=\"Espai_Empoderat\" \/><\/figure><\/div><div class=\"swiper-slide\" role=\"group\" aria-roledescription=\"slide\" aria-label=\"2 de 6\" data-no-translation-aria-label=\"\"><figure class=\"swiper-slide-inner\"><img decoding=\"async\" class=\"swiper-slide-image\" src=\"https:\/\/mamutartstudio.com\/wp-content\/uploads\/2024\/08\/inserta-1-150x150.png\" alt=\"inserta\" \/><\/figure><\/div><div class=\"swiper-slide\" role=\"group\" aria-roledescription=\"slide\" aria-label=\"3 de 6\" data-no-translation-aria-label=\"\"><figure class=\"swiper-slide-inner\"><img decoding=\"async\" class=\"swiper-slide-image\" src=\"https:\/\/mamutartstudio.com\/wp-content\/uploads\/2024\/08\/MasSampera-1-150x150.png\" alt=\"MasSampera\" \/><\/figure><\/div><div class=\"swiper-slide\" role=\"group\" aria-roledescription=\"slide\" aria-label=\"4 de 6\" data-no-translation-aria-label=\"\"><figure class=\"swiper-slide-inner\"><img decoding=\"async\" class=\"swiper-slide-image\" src=\"https:\/\/mamutartstudio.com\/wp-content\/uploads\/2024\/08\/Joventut_Mollet-150x150.png\" alt=\"Joventut_Mollet\" \/><\/figure><\/div><div class=\"swiper-slide\" role=\"group\" aria-roledescription=\"slide\" aria-label=\"5 de 6\" data-no-translation-aria-label=\"\"><figure class=\"swiper-slide-inner\"><img decoding=\"async\" class=\"swiper-slide-image\" src=\"https:\/\/mamutartstudio.com\/wp-content\/uploads\/2024\/08\/logo-parc-de-les-olors-150x150.png\" alt=\"logo-parc-de-les-olors\" \/><\/figure><\/div><div class=\"swiper-slide\" role=\"group\" aria-roledescription=\"slide\" aria-label=\"6 de 6\" data-no-translation-aria-label=\"\"><figure class=\"swiper-slide-inner\"><img decoding=\"async\" class=\"swiper-slide-image\" src=\"https:\/\/mamutartstudio.com\/wp-content\/uploads\/2024\/08\/Tu_Mundo_Color-150x150.png\" alt=\"Tu_Mundo_Color\" \/><\/figure><\/div>\t\t\t<\/div>\n\t\t\t\t\t\t\t\t\t\t\t\t<div class=\"elementor-swiper-button elementor-swiper-button-prev\" role=\"button\" tabindex=\"0\">\n\t\t\t\t\t\t<svg aria-hidden=\"true\" class=\"e-font-icon-svg e-eicon-chevron-left\" viewbox=\"0 0 1000 1000\" xmlns=\"http:\/\/www.w3.org\/2000\/svg\"><path d=\"M646 125C629 125 613 133 604 142L308 442C296 454 292 471 292 487 292 504 296 521 308 533L604 854C617 867 629 875 646 875 663 875 679 871 692 858 704 846 713 829 713 812 713 796 708 779 692 767L438 487 692 225C700 217 708 204 708 187 708 171 704 154 692 142 675 129 663 125 646 125Z\"><\/path><\/svg>\t\t\t\t\t<\/div>\n\t\t\t\t\t<div class=\"elementor-swiper-button elementor-swiper-button-next\" role=\"button\" tabindex=\"0\">\n\t\t\t\t\t\t<svg aria-hidden=\"true\" class=\"e-font-icon-svg e-eicon-chevron-right\" viewbox=\"0 0 1000 1000\" xmlns=\"http:\/\/www.w3.org\/2000\/svg\"><path d=\"M696 533C708 521 713 504 713 487 713 471 708 454 696 446L400 146C388 133 375 125 354 125 338 125 325 129 313 142 300 154 292 171 292 187 292 204 296 221 308 233L563 492 304 771C292 783 288 800 288 817 288 833 296 850 308 863 321 871 338 875 354 875 371 875 388 867 400 854L696 533Z\"><\/path><\/svg>\t\t\t\t\t<\/div>\n\t\t\t\t\n\t\t\t\t\t\t\t\t\t<div class=\"swiper-pagination\"><\/div>\n\t\t\t\t\t\t\t\t\t<\/div>\n\t\t\t\t<\/div>\n\t\t\t\t<\/div>\n\t\t\t\t<\/div>\n\t\t\t\t\t<\/div>\n\t\t\t\t<\/div>\n\t\t\t\t<\/div>","protected":false},"excerpt":{"rendered":"<p>\u201c Mi pasi\u00f3n, mezclar diferentes disciplinas art\u00edsticas. Compartir lo que s\u00e9 con los dem\u00e1s ^_^ \u201d Soy Lourdes Nicolich, artista visual con m\u00e1s de 10 a\u00f1os de experiencia, apasionada por mezclar disciplinas art\u00edsticas. He crecido rodeada de m\u00fasica, videojuegos, manualidades, dibujos, libros, cine\u2026 No puedo imaginarme una vida sin estas cosas. Desde peque\u00f1a, el arte [&hellip;]<\/p>","protected":false},"author":1,"featured_media":0,"parent":0,"menu_order":0,"comment_status":"closed","ping_status":"closed","template":"elementor_header_footer","meta":{"footnotes":""},"class_list":["post-302","page","type-page","status-publish","hentry"],"yoast_head":"<!-- This site is optimized with the Yoast SEO plugin v23.4 - https:\/\/yoast.com\/wordpress\/plugins\/seo\/ -->\n<title>Mi pasi\u00f3n, mezclar diferentes disciplinas art\u00edsticas - Mamut Art Studio<\/title>\n<meta name=\"description\" content=\"Soy Lourdes Nicolich, artista visual con m\u00e1s de 10 a\u00f1os de experiencia, apasionada por mezclar disciplinas art\u00edsticas. He crecido rodeada de m\u00fasica, videojuegos, manualidades, dibujos, libros, cine\u2026 No puedo imaginarme una vida sin estas cosas.\" \/>\n<meta name=\"robots\" content=\"index, follow, max-snippet:-1, max-image-preview:large, max-video-preview:-1\" \/>\n<link rel=\"canonical\" href=\"https:\/\/mamutartstudio.com\/ca\/somos\/\" \/>\n<meta property=\"og:locale\" content=\"ca_ES\" \/>\n<meta property=\"og:type\" content=\"article\" \/>\n<meta property=\"og:title\" content=\"Mi pasi\u00f3n, mezclar diferentes disciplinas art\u00edsticas - Mamut Art Studio\" \/>\n<meta property=\"og:description\" content=\"Soy Lourdes Nicolich, artista visual con m\u00e1s de 10 a\u00f1os de experiencia, apasionada por mezclar disciplinas art\u00edsticas. He crecido rodeada de m\u00fasica, videojuegos, manualidades, dibujos, libros, cine\u2026 No puedo imaginarme una vida sin estas cosas.\" \/>\n<meta property=\"og:url\" content=\"https:\/\/mamutartstudio.com\/ca\/somos\/\" \/>\n<meta property=\"og:site_name\" content=\"Mamut Art Studio\" \/>\n<meta property=\"article:modified_time\" content=\"2024-09-23T12:44:12+00:00\" \/>\n<meta property=\"og:image\" content=\"https:\/\/mamutartstudio.com\/wp-content\/uploads\/2024\/09\/Muntatge_Rosaura_Lourdes_Efecto-1024x682.jpg\" \/>\n<meta name=\"twitter:card\" content=\"summary_large_image\" \/>\n<meta name=\"twitter:label1\" content=\"Temps estimat de lectura\" \/>\n\t<meta name=\"twitter:data1\" content=\"5 minuts\" \/>\n<script type=\"application\/ld+json\" class=\"yoast-schema-graph\">{\"@context\":\"https:\/\/schema.org\",\"@graph\":[{\"@type\":\"WebPage\",\"@id\":\"https:\/\/mamutartstudio.com\/somos\/\",\"url\":\"https:\/\/mamutartstudio.com\/somos\/\",\"name\":\"Mi pasi\u00f3n, mezclar diferentes disciplinas art\u00edsticas - Mamut Art Studio\",\"isPartOf\":{\"@id\":\"https:\/\/mamutartstudio.com\/#website\"},\"primaryImageOfPage\":{\"@id\":\"https:\/\/mamutartstudio.com\/somos\/#primaryimage\"},\"image\":{\"@id\":\"https:\/\/mamutartstudio.com\/somos\/#primaryimage\"},\"thumbnailUrl\":\"https:\/\/mamutartstudio.com\/wp-content\/uploads\/2024\/09\/Muntatge_Rosaura_Lourdes_Efecto-1024x682.jpg\",\"datePublished\":\"2024-08-26T14:54:10+00:00\",\"dateModified\":\"2024-09-23T12:44:12+00:00\",\"description\":\"Soy Lourdes Nicolich, artista visual con m\u00e1s de 10 a\u00f1os de experiencia, apasionada por mezclar disciplinas art\u00edsticas. He crecido rodeada de m\u00fasica, videojuegos, manualidades, dibujos, libros, cine\u2026 No puedo imaginarme una vida sin estas cosas.\",\"breadcrumb\":{\"@id\":\"https:\/\/mamutartstudio.com\/somos\/#breadcrumb\"},\"inLanguage\":\"ca\",\"potentialAction\":[{\"@type\":\"ReadAction\",\"target\":[\"https:\/\/mamutartstudio.com\/somos\/\"]}]},{\"@type\":\"ImageObject\",\"inLanguage\":\"ca\",\"@id\":\"https:\/\/mamutartstudio.com\/somos\/#primaryimage\",\"url\":\"https:\/\/mamutartstudio.com\/wp-content\/uploads\/2024\/09\/Muntatge_Rosaura_Lourdes_Efecto-1024x682.jpg\",\"contentUrl\":\"https:\/\/mamutartstudio.com\/wp-content\/uploads\/2024\/09\/Muntatge_Rosaura_Lourdes_Efecto-1024x682.jpg\"},{\"@type\":\"BreadcrumbList\",\"@id\":\"https:\/\/mamutartstudio.com\/somos\/#breadcrumb\",\"itemListElement\":[{\"@type\":\"ListItem\",\"position\":1,\"name\":\"Home\",\"item\":\"https:\/\/mamutartstudio.com\/\"},{\"@type\":\"ListItem\",\"position\":2,\"name\":\"Somos\"}]},{\"@type\":\"WebSite\",\"@id\":\"https:\/\/mamutartstudio.com\/#website\",\"url\":\"https:\/\/mamutartstudio.com\/\",\"name\":\"Mamut Art Studio\",\"description\":\"\",\"publisher\":{\"@id\":\"https:\/\/mamutartstudio.com\/#organization\"},\"potentialAction\":[{\"@type\":\"SearchAction\",\"target\":{\"@type\":\"EntryPoint\",\"urlTemplate\":\"https:\/\/mamutartstudio.com\/?s={search_term_string}\"},\"query-input\":{\"@type\":\"PropertyValueSpecification\",\"valueRequired\":true,\"valueName\":\"search_term_string\"}}],\"inLanguage\":\"ca\"},{\"@type\":\"Organization\",\"@id\":\"https:\/\/mamutartstudio.com\/#organization\",\"name\":\"Mamut Art Studio\",\"url\":\"https:\/\/mamutartstudio.com\/\",\"logo\":{\"@type\":\"ImageObject\",\"inLanguage\":\"ca\",\"@id\":\"https:\/\/mamutartstudio.com\/#\/schema\/logo\/image\/\",\"url\":\"https:\/\/mamutartstudio.com\/wp-content\/uploads\/2024\/08\/MamutArtStudio_NewLogo-2-1-1.png\",\"contentUrl\":\"https:\/\/mamutartstudio.com\/wp-content\/uploads\/2024\/08\/MamutArtStudio_NewLogo-2-1-1.png\",\"width\":234,\"height\":81,\"caption\":\"Mamut Art Studio\"},\"image\":{\"@id\":\"https:\/\/mamutartstudio.com\/#\/schema\/logo\/image\/\"}}]}<\/script>\n<!-- \/ Yoast SEO plugin. -->","yoast_head_json":{"title":"Mi pasi\u00f3n, mezclar diferentes disciplinas art\u00edsticas - Mamut Art Studio","description":"Soy Lourdes Nicolich, artista visual con m\u00e1s de 10 a\u00f1os de experiencia, apasionada por mezclar disciplinas art\u00edsticas. He crecido rodeada de m\u00fasica, videojuegos, manualidades, dibujos, libros, cine\u2026 No puedo imaginarme una vida sin estas cosas.","robots":{"index":"index","follow":"follow","max-snippet":"max-snippet:-1","max-image-preview":"max-image-preview:large","max-video-preview":"max-video-preview:-1"},"canonical":"https:\/\/mamutartstudio.com\/ca\/somos\/","og_locale":"ca_ES","og_type":"article","og_title":"Mi pasi\u00f3n, mezclar diferentes disciplinas art\u00edsticas - Mamut Art Studio","og_description":"Soy Lourdes Nicolich, artista visual con m\u00e1s de 10 a\u00f1os de experiencia, apasionada por mezclar disciplinas art\u00edsticas. He crecido rodeada de m\u00fasica, videojuegos, manualidades, dibujos, libros, cine\u2026 No puedo imaginarme una vida sin estas cosas.","og_url":"https:\/\/mamutartstudio.com\/ca\/somos\/","og_site_name":"Mamut Art Studio","article_modified_time":"2024-09-23T12:44:12+00:00","og_image":[{"url":"https:\/\/mamutartstudio.com\/wp-content\/uploads\/2024\/09\/Muntatge_Rosaura_Lourdes_Efecto-1024x682.jpg"}],"twitter_card":"summary_large_image","twitter_misc":{"Temps estimat de lectura":"5 minuts"},"schema":{"@context":"https:\/\/schema.org","@graph":[{"@type":"WebPage","@id":"https:\/\/mamutartstudio.com\/somos\/","url":"https:\/\/mamutartstudio.com\/somos\/","name":"Mi pasi\u00f3n, mezclar diferentes disciplinas art\u00edsticas - Mamut Art Studio","isPartOf":{"@id":"https:\/\/mamutartstudio.com\/#website"},"primaryImageOfPage":{"@id":"https:\/\/mamutartstudio.com\/somos\/#primaryimage"},"image":{"@id":"https:\/\/mamutartstudio.com\/somos\/#primaryimage"},"thumbnailUrl":"https:\/\/mamutartstudio.com\/wp-content\/uploads\/2024\/09\/Muntatge_Rosaura_Lourdes_Efecto-1024x682.jpg","datePublished":"2024-08-26T14:54:10+00:00","dateModified":"2024-09-23T12:44:12+00:00","description":"Soy Lourdes Nicolich, artista visual con m\u00e1s de 10 a\u00f1os de experiencia, apasionada por mezclar disciplinas art\u00edsticas. He crecido rodeada de m\u00fasica, videojuegos, manualidades, dibujos, libros, cine\u2026 No puedo imaginarme una vida sin estas cosas.","breadcrumb":{"@id":"https:\/\/mamutartstudio.com\/somos\/#breadcrumb"},"inLanguage":"ca","potentialAction":[{"@type":"ReadAction","target":["https:\/\/mamutartstudio.com\/somos\/"]}]},{"@type":"ImageObject","inLanguage":"ca","@id":"https:\/\/mamutartstudio.com\/somos\/#primaryimage","url":"https:\/\/mamutartstudio.com\/wp-content\/uploads\/2024\/09\/Muntatge_Rosaura_Lourdes_Efecto-1024x682.jpg","contentUrl":"https:\/\/mamutartstudio.com\/wp-content\/uploads\/2024\/09\/Muntatge_Rosaura_Lourdes_Efecto-1024x682.jpg"},{"@type":"BreadcrumbList","@id":"https:\/\/mamutartstudio.com\/somos\/#breadcrumb","itemListElement":[{"@type":"ListItem","position":1,"name":"Home","item":"https:\/\/mamutartstudio.com\/"},{"@type":"ListItem","position":2,"name":"Somos"}]},{"@type":"WebSite","@id":"https:\/\/mamutartstudio.com\/#website","url":"https:\/\/mamutartstudio.com\/","name":"Mamut Art Studio","description":"","publisher":{"@id":"https:\/\/mamutartstudio.com\/#organization"},"potentialAction":[{"@type":"SearchAction","target":{"@type":"EntryPoint","urlTemplate":"https:\/\/mamutartstudio.com\/?s={search_term_string}"},"query-input":{"@type":"PropertyValueSpecification","valueRequired":true,"valueName":"search_term_string"}}],"inLanguage":"ca"},{"@type":"Organization","@id":"https:\/\/mamutartstudio.com\/#organization","name":"Mamut Art Studio","url":"https:\/\/mamutartstudio.com\/","logo":{"@type":"ImageObject","inLanguage":"ca","@id":"https:\/\/mamutartstudio.com\/#\/schema\/logo\/image\/","url":"https:\/\/mamutartstudio.com\/wp-content\/uploads\/2024\/08\/MamutArtStudio_NewLogo-2-1-1.png","contentUrl":"https:\/\/mamutartstudio.com\/wp-content\/uploads\/2024\/08\/MamutArtStudio_NewLogo-2-1-1.png","width":234,"height":81,"caption":"Mamut Art Studio"},"image":{"@id":"https:\/\/mamutartstudio.com\/#\/schema\/logo\/image\/"}}]}},"_links":{"self":[{"href":"https:\/\/mamutartstudio.com\/ca\/wp-json\/wp\/v2\/pages\/302","targetHints":{"allow":["GET"]}}],"collection":[{"href":"https:\/\/mamutartstudio.com\/ca\/wp-json\/wp\/v2\/pages"}],"about":[{"href":"https:\/\/mamutartstudio.com\/ca\/wp-json\/wp\/v2\/types\/page"}],"author":[{"embeddable":true,"href":"https:\/\/mamutartstudio.com\/ca\/wp-json\/wp\/v2\/users\/1"}],"replies":[{"embeddable":true,"href":"https:\/\/mamutartstudio.com\/ca\/wp-json\/wp\/v2\/comments?post=302"}],"version-history":[{"count":100,"href":"https:\/\/mamutartstudio.com\/ca\/wp-json\/wp\/v2\/pages\/302\/revisions"}],"predecessor-version":[{"id":2028,"href":"https:\/\/mamutartstudio.com\/ca\/wp-json\/wp\/v2\/pages\/302\/revisions\/2028"}],"wp:attachment":[{"href":"https:\/\/mamutartstudio.com\/ca\/wp-json\/wp\/v2\/media?parent=302"}],"curies":[{"name":"wp","href":"https:\/\/api.w.org\/{rel}","templated":true}]}}