{"id":1157,"date":"2024-09-08T08:20:56","date_gmt":"2024-09-08T08:20:56","guid":{"rendered":"https:\/\/mamutartstudio.com\/?page_id=1157"},"modified":"2025-07-29T13:03:24","modified_gmt":"2025-07-29T13:03:24","slug":"cuentos-personalizados","status":"publish","type":"page","link":"https:\/\/mamutartstudio.com\/ca\/cuentos-personalizados\/","title":{"rendered":"Contes personalitzats"},"content":{"rendered":"<div data-elementor-type=\"wp-page\" data-elementor-id=\"1157\" class=\"elementor elementor-1157\" data-elementor-post-type=\"page\">\n\t\t\t\t<div class=\"elementor-element elementor-element-1e35698 e-flex e-con-boxed e-con e-parent\" data-id=\"1e35698\" data-element_type=\"container\">\n\t\t\t\t\t<div class=\"e-con-inner\">\n\t\t\t\t<div class=\"elementor-element elementor-element-449c968 elementor-widget elementor-widget-image\" data-id=\"449c968\" data-element_type=\"widget\" data-widget_type=\"image.default\">\n\t\t\t\t<div class=\"elementor-widget-container\">\n\t\t\t\t\t\t\t\t\t\t\t\t\t<img fetchpriority=\"high\" decoding=\"async\" width=\"800\" height=\"533\" src=\"https:\/\/mamutartstudio.com\/wp-content\/uploads\/2024\/12\/DSCF4136-1024x682.jpg\" class=\"attachment-large size-large wp-image-2310\" alt=\"\" srcset=\"https:\/\/mamutartstudio.com\/wp-content\/uploads\/2024\/12\/DSCF4136-1024x682.jpg 1024w, https:\/\/mamutartstudio.com\/wp-content\/uploads\/2024\/12\/DSCF4136-300x200.jpg 300w, https:\/\/mamutartstudio.com\/wp-content\/uploads\/2024\/12\/DSCF4136-768x512.jpg 768w, https:\/\/mamutartstudio.com\/wp-content\/uploads\/2024\/12\/DSCF4136-1536x1024.jpg 1536w, https:\/\/mamutartstudio.com\/wp-content\/uploads\/2024\/12\/DSCF4136-18x12.jpg 18w, https:\/\/mamutartstudio.com\/wp-content\/uploads\/2024\/12\/DSCF4136.jpg 2000w\" sizes=\"(max-width: 800px) 100vw, 800px\" \/>\t\t\t\t\t\t\t\t\t\t\t\t\t<\/div>\n\t\t\t\t<\/div>\n\t\t\t\t\t<\/div>\n\t\t\t\t<\/div>\n\t\t<div class=\"elementor-element elementor-element-5e73b0a e-flex e-con-boxed e-con e-parent\" data-id=\"5e73b0a\" data-element_type=\"container\">\n\t\t\t\t\t<div class=\"e-con-inner\">\n\t\t\t\t<div class=\"elementor-element elementor-element-7c41a2d elementor-widget elementor-widget-heading\" data-id=\"7c41a2d\" data-element_type=\"widget\" data-widget_type=\"heading.default\">\n\t\t\t\t<div class=\"elementor-widget-container\">\n\t\t\t<style>\/*! elementor - v3.23.0 - 05-08-2024 *\/\n.elementor-heading-title{padding:0;margin:0;line-height:1}.elementor-widget-heading .elementor-heading-title[class*=elementor-size-]>a{color:inherit;font-size:inherit;line-height:inherit}.elementor-widget-heading .elementor-heading-title.elementor-size-small{font-size:15px}.elementor-widget-heading .elementor-heading-title.elementor-size-medium{font-size:19px}.elementor-widget-heading .elementor-heading-title.elementor-size-large{font-size:29px}.elementor-widget-heading .elementor-heading-title.elementor-size-xl{font-size:39px}.elementor-widget-heading .elementor-heading-title.elementor-size-xxl{font-size:59px}<\/style><h2 class=\"elementor-heading-title elementor-size-default\">A <span style=\"color: #e1ad20;\">Mamut Art Studio,<\/span> nos encanta crear cuentos m\u00e1gicos personalizados<\/h2>\t\t<\/div>\n\t\t\t\t<\/div>\n\t\t\t\t<div class=\"elementor-element elementor-element-b351f04 elementor-widget elementor-widget-text-editor\" data-id=\"b351f04\" data-element_type=\"widget\" data-widget_type=\"text-editor.default\">\n\t\t\t\t<div class=\"elementor-widget-container\">\n\t\t\t<style>\/*! elementor - v3.23.0 - 05-08-2024 *\/\n.elementor-widget-text-editor.elementor-drop-cap-view-stacked .elementor-drop-cap{background-color:#69727d;color:#fff}.elementor-widget-text-editor.elementor-drop-cap-view-framed .elementor-drop-cap{color:#69727d;border:3px solid;background-color:transparent}.elementor-widget-text-editor:not(.elementor-drop-cap-view-default) .elementor-drop-cap{margin-top:8px}.elementor-widget-text-editor:not(.elementor-drop-cap-view-default) .elementor-drop-cap-letter{width:1em;height:1em}.elementor-widget-text-editor .elementor-drop-cap{float:left;text-align:center;line-height:1;font-size:50px}.elementor-widget-text-editor .elementor-drop-cap-letter{display:inline-block}<\/style>\t\t\t\t<p><span style=\"font-weight: 400;\">T'oferim diverses opcions perqu\u00e8 puguis viure i protagonitzar la teva aventura.<\/span><\/p>\t\t\t\t\t\t<\/div>\n\t\t\t\t<\/div>\n\t\t\t\t\t<\/div>\n\t\t\t\t<\/div>\n\t\t<div class=\"elementor-element elementor-element-5896865 e-con-full e-flex e-con e-parent\" data-id=\"5896865\" data-element_type=\"container\">\n\t\t<div class=\"elementor-element elementor-element-bced392 e-con-full e-flex e-con e-child\" data-id=\"bced392\" data-element_type=\"container\" data-settings=\"{&quot;background_background&quot;:&quot;classic&quot;}\">\n\t\t\t\t<div class=\"elementor-element elementor-element-9b80d2f elementor-widget elementor-widget-heading\" data-id=\"9b80d2f\" data-element_type=\"widget\" data-widget_type=\"heading.default\">\n\t\t\t\t<div class=\"elementor-widget-container\">\n\t\t\t<h2 class=\"elementor-heading-title elementor-size-default\">01 Contes personalitzats amb les teves fotos<\/h2>\t\t<\/div>\n\t\t\t\t<\/div>\n\t\t\t\t<div class=\"elementor-element elementor-element-0a4f116 elementor-invisible elementor-widget elementor-widget-button\" data-id=\"0a4f116\" data-element_type=\"widget\" data-settings=\"{&quot;_animation&quot;:&quot;slideInDown&quot;}\" data-widget_type=\"button.default\">\n\t\t\t\t<div class=\"elementor-widget-container\">\n\t\t\t\t\t<div class=\"elementor-button-wrapper\">\n\t\t\t<a class=\"elementor-button elementor-button-link elementor-size-sm\" href=\"https:\/\/wa.me\/34655437478\">\n\t\t\t\t\t\t<span class=\"elementor-button-content-wrapper\">\n\t\t\t\t\t\t\t\t\t<span class=\"elementor-button-text\">Parlem-hi<\/span>\n\t\t\t\t\t<\/span>\n\t\t\t\t\t<\/a>\n\t\t<\/div>\n\t\t\t\t<\/div>\n\t\t\t\t<\/div>\n\t\t\t\t<div class=\"elementor-element elementor-element-d8a75df elementor-widget elementor-widget-text-editor\" data-id=\"d8a75df\" data-element_type=\"widget\" data-widget_type=\"text-editor.default\">\n\t\t\t\t<div class=\"elementor-widget-container\">\n\t\t\t\t\t\t\t<p><span style=\"font-weight: 400;\">Sube tus fotos, dinos los nombres de los protagonistas, \u00a1y en pocos d\u00edas tendr\u00e1s tu propio cuento en formato f\u00edsico en casa!\u00a0<\/span><\/p><p><span style=\"font-weight: 400;\">Estos son los libros disponibles para crear tu propia aventura:<\/span><\/p><ol><li><b>Aventuras de Pirtas y Sierenas:<br \/><\/b>\u00b7 La Isla de los Piratas<br \/><br \/><\/li><li><strong>Celebrando el Final de Curso:<\/strong><br \/>\u00b7 La Fiesta de Final de Curso<br \/><br \/><\/li><li><strong>Sant Jordi:<\/strong><br \/>\u00b7 Volando con Rosaura<br \/><br \/><br \/><\/li><li><b>Navidades m\u00e1gicas<\/b><span style=\"font-weight: 400;\">:\u00a0<br \/><\/span>\u00b7 Un Cuento de Navidad<br \/><br \/><br \/><\/li><li><strong>Cuentos New Born<\/strong><br \/>\u00b7 \u00a1Bienvenido\/da!<\/li><\/ol><p><span style=\"font-weight: 400;\">T'agradaria veure com cobren vida les nostres hist\u00f2ries? Explora a continuaci\u00f3 els nostres llibres animats per inspirar-te<\/span><span style=\"font-weight: 400;\">.<\/span><\/p><p><b>List@ per crear la teva pr\u00f2pia aventura?<\/b><\/p>\t\t\t\t\t\t<\/div>\n\t\t\t\t<\/div>\n\t\t\t\t<\/div>\n\t\t<div class=\"elementor-element elementor-element-83b9d46 e-con-full e-flex e-con e-child\" data-id=\"83b9d46\" data-element_type=\"container\">\n\t\t\t\t<div class=\"elementor-element elementor-element-79c2212 block-picture elementor-widget elementor-widget-image\" data-id=\"79c2212\" data-element_type=\"widget\" data-widget_type=\"image.default\">\n\t\t\t\t<div class=\"elementor-widget-container\">\n\t\t\t\t\t\t\t\t\t\t\t\t\t<img decoding=\"async\" width=\"800\" height=\"533\" src=\"https:\/\/mamutartstudio.com\/wp-content\/uploads\/2024\/12\/DSCF4144-1024x682.jpg\" class=\"attachment-large size-large wp-image-2312\" alt=\"\" srcset=\"https:\/\/mamutartstudio.com\/wp-content\/uploads\/2024\/12\/DSCF4144-1024x682.jpg 1024w, https:\/\/mamutartstudio.com\/wp-content\/uploads\/2024\/12\/DSCF4144-300x200.jpg 300w, https:\/\/mamutartstudio.com\/wp-content\/uploads\/2024\/12\/DSCF4144-768x512.jpg 768w, https:\/\/mamutartstudio.com\/wp-content\/uploads\/2024\/12\/DSCF4144-1536x1024.jpg 1536w, https:\/\/mamutartstudio.com\/wp-content\/uploads\/2024\/12\/DSCF4144-18x12.jpg 18w, https:\/\/mamutartstudio.com\/wp-content\/uploads\/2024\/12\/DSCF4144.jpg 2000w\" sizes=\"(max-width: 800px) 100vw, 800px\" \/>\t\t\t\t\t\t\t\t\t\t\t\t\t<\/div>\n\t\t\t\t<\/div>\n\t\t\t\t<\/div>\n\t\t\t\t<\/div>\n\t\t<div class=\"elementor-element elementor-element-c1bd3d1 e-flex e-con-boxed e-con e-parent\" data-id=\"c1bd3d1\" data-element_type=\"container\">\n\t\t\t\t\t<div class=\"e-con-inner\">\n\t\t\t\t<div class=\"elementor-element elementor-element-d7b1bb8 elementor-widget elementor-widget-html\" data-id=\"d7b1bb8\" data-element_type=\"widget\" data-widget_type=\"html.default\">\n\t\t\t\t<div class=\"elementor-widget-container\">\n\t\t\t<iframe allowfullscreen=\"allowfullscreen\" allow=\"clipboard-write\" scrolling=\"no\" class=\"fp-iframe\" src=\"https:\/\/heyzine.com\/flip-book\/0cc87426a0.html\" style=\"border: 1px solid lightgray; width: 100%; height: 400px;\"><\/iframe>\t\t<\/div>\n\t\t\t\t<\/div>\n\t\t<div class=\"elementor-element elementor-element-99ee044 e-con-full e-flex e-con e-child\" data-id=\"99ee044\" data-element_type=\"container\">\n\t\t\t\t<div class=\"elementor-element elementor-element-6dade27 elementor-widget elementor-widget-html\" data-id=\"6dade27\" data-element_type=\"widget\" data-widget_type=\"html.default\">\n\t\t\t\t<div class=\"elementor-widget-container\">\n\t\t\t<iframe allowfullscreen=\"allowfullscreen\" allow=\"clipboard-write\" scrolling=\"no\" class=\"fp-iframe\" src=\"https:\/\/heyzine.com\/flip-book\/a7216172b5.html\" style=\"border: 1px solid lightgray; width: 100%; height: 400px;\"><\/iframe>\t\t<\/div>\n\t\t\t\t<\/div>\n\t\t\t\t<\/div>\n\t\t\t\t<div class=\"elementor-element elementor-element-fc0caf8 elementor-widget elementor-widget-text-editor\" data-id=\"fc0caf8\" data-element_type=\"widget\" data-widget_type=\"text-editor.default\">\n\t\t\t\t<div class=\"elementor-widget-container\">\n\t\t\t\t\t\t\t<p>Una vez elegida la aventura que te gusta, <a href=\"\/ca\/info@mamutartstudio.com\/\">escr\u00edbenos<\/a> para preparar tu libro. <strong>\u00bfQu\u00e9 precio tiene?<\/strong> Cada libro son 35\u20ac (IVA y env\u00edo incluido).<\/p><p><strong>Si te gusta una de las aventuras, pero te gustar\u00eda personalizarla todav\u00eda m\u00e1s,<\/strong> el precio es a partir de 60\u20ac. Dependiendo de la adaptaci\u00f3n que haya que hacer para que tengas tu aventura perfecta.<\/p>\t\t\t\t\t\t<\/div>\n\t\t\t\t<\/div>\n\t\t\t\t\t<\/div>\n\t\t\t\t<\/div>\n\t\t<div class=\"elementor-element elementor-element-0db6fa6 e-flex e-con-boxed e-con e-parent\" data-id=\"0db6fa6\" data-element_type=\"container\">\n\t\t\t\t\t<div class=\"e-con-inner\">\n\t\t\t\t<div class=\"elementor-element elementor-element-a687fde elementor-widget elementor-widget-html\" data-id=\"a687fde\" data-element_type=\"widget\" data-widget_type=\"html.default\">\n\t\t\t\t<div class=\"elementor-widget-container\">\n\t\t\t<iframe allowfullscreen=\"allowfullscreen\" scrolling=\"no\" class=\"fp-iframe\" src=\"https:\/\/heyzine.com\/flip-book\/e2bd4db928.html\" style=\"border: 1px solid lightgray; width: 100%; height: 400px;\"><\/iframe>\t\t<\/div>\n\t\t\t\t<\/div>\n\t\t\t\t\t<\/div>\n\t\t\t\t<\/div>\n\t\t<div class=\"elementor-element elementor-element-a8b065e e-con-full e-flex e-con e-parent\" data-id=\"a8b065e\" data-element_type=\"container\">\n\t\t<div class=\"elementor-element elementor-element-6300e37 e-con-full e-flex e-con e-child\" data-id=\"6300e37\" data-element_type=\"container\">\n\t\t\t\t<div class=\"elementor-element elementor-element-8e959e3 block-picture elementor-widget elementor-widget-image\" data-id=\"8e959e3\" data-element_type=\"widget\" data-widget_type=\"image.default\">\n\t\t\t\t<div class=\"elementor-widget-container\">\n\t\t\t\t\t\t\t\t\t\t\t\t\t<img decoding=\"async\" width=\"1134\" height=\"567\" src=\"https:\/\/mamutartstudio.com\/wp-content\/uploads\/2025\/07\/Pagina_23_24.jpg\" class=\"attachment-full size-full wp-image-2359\" alt=\"\" srcset=\"https:\/\/mamutartstudio.com\/wp-content\/uploads\/2025\/07\/Pagina_23_24.jpg 1134w, https:\/\/mamutartstudio.com\/wp-content\/uploads\/2025\/07\/Pagina_23_24-300x150.jpg 300w, https:\/\/mamutartstudio.com\/wp-content\/uploads\/2025\/07\/Pagina_23_24-1024x512.jpg 1024w, https:\/\/mamutartstudio.com\/wp-content\/uploads\/2025\/07\/Pagina_23_24-768x384.jpg 768w, https:\/\/mamutartstudio.com\/wp-content\/uploads\/2025\/07\/Pagina_23_24-18x9.jpg 18w\" sizes=\"(max-width: 1134px) 100vw, 1134px\" \/>\t\t\t\t\t\t\t\t\t\t\t\t\t<\/div>\n\t\t\t\t<\/div>\n\t\t\t\t<div class=\"elementor-element elementor-element-2e7116f elementor-widget elementor-widget-image\" data-id=\"2e7116f\" data-element_type=\"widget\" data-widget_type=\"image.default\">\n\t\t\t\t<div class=\"elementor-widget-container\">\n\t\t\t\t\t\t\t\t\t\t\t\t\t<img loading=\"lazy\" decoding=\"async\" width=\"567\" height=\"567\" src=\"https:\/\/mamutartstudio.com\/wp-content\/uploads\/2025\/07\/015.jpg\" class=\"attachment-large size-large wp-image-2366\" alt=\"\" srcset=\"https:\/\/mamutartstudio.com\/wp-content\/uploads\/2025\/07\/015.jpg 567w, https:\/\/mamutartstudio.com\/wp-content\/uploads\/2025\/07\/015-300x300.jpg 300w, https:\/\/mamutartstudio.com\/wp-content\/uploads\/2025\/07\/015-150x150.jpg 150w, https:\/\/mamutartstudio.com\/wp-content\/uploads\/2025\/07\/015-12x12.jpg 12w\" sizes=\"(max-width: 567px) 100vw, 567px\" \/>\t\t\t\t\t\t\t\t\t\t\t\t\t<\/div>\n\t\t\t\t<\/div>\n\t\t\t\t<\/div>\n\t\t<div class=\"elementor-element elementor-element-5ea65a8 e-con-full e-flex e-con e-child\" data-id=\"5ea65a8\" data-element_type=\"container\" data-settings=\"{&quot;background_background&quot;:&quot;classic&quot;}\">\n\t\t\t\t<div class=\"elementor-element elementor-element-c13ad26 elementor-widget elementor-widget-heading\" data-id=\"c13ad26\" data-element_type=\"widget\" data-widget_type=\"heading.default\">\n\t\t\t\t<div class=\"elementor-widget-container\">\n\t\t\t<h2 class=\"elementor-heading-title elementor-size-default\">02 Contes personalitzats amb sessi\u00f3 de fotos<\/h2>\t\t<\/div>\n\t\t\t\t<\/div>\n\t\t\t\t<div class=\"elementor-element elementor-element-2f1e8f6 elementor-widget elementor-widget-text-editor\" data-id=\"2f1e8f6\" data-element_type=\"widget\" data-widget_type=\"text-editor.default\">\n\t\t\t\t<div class=\"elementor-widget-container\">\n\t\t\t\t\t\t\t<p><strong>\u00a1Haz que tu cuento sea a\u00fan m\u00e1s especial con una sesi\u00f3n fotogr\u00e1fica de fantas\u00eda!<\/strong><\/p><p>A partir de las aventuras que tenemos creadas, puedes personalizar la historia a\u00fan m\u00e1s con el vestuario del que disponemos para transformarte en el\/la personaje que te gusta y divertirte en una sesi\u00f3n m\u00e1gica donde tendr\u00e1s unas fotograf\u00edas \u00fanicas y especiales que luego se incluir\u00e1n en el libro.<\/p><p><span style=\"font-weight: 400;\">O tambi\u00e9n puedes contarnos tu idea y juntos crearemos una historia \u00fanica llena de magia.<\/span><\/p><p>\u00a0<\/p><p><strong>Precio:<\/strong> desde 295\u20ac<\/p>\t\t\t\t\t\t<\/div>\n\t\t\t\t<\/div>\n\t\t\t\t<div class=\"elementor-element elementor-element-1b31bbc elementor-invisible elementor-widget elementor-widget-button\" data-id=\"1b31bbc\" data-element_type=\"widget\" data-settings=\"{&quot;_animation&quot;:&quot;slideInDown&quot;}\" data-widget_type=\"button.default\">\n\t\t\t\t<div class=\"elementor-widget-container\">\n\t\t\t\t\t<div class=\"elementor-button-wrapper\">\n\t\t\t<a class=\"elementor-button elementor-button-link elementor-size-sm\" href=\"https:\/\/wa.me\/34655437478\">\n\t\t\t\t\t\t<span class=\"elementor-button-content-wrapper\">\n\t\t\t\t\t\t\t\t\t<span class=\"elementor-button-text\">Parlem-hi<\/span>\n\t\t\t\t\t<\/span>\n\t\t\t\t\t<\/a>\n\t\t<\/div>\n\t\t\t\t<\/div>\n\t\t\t\t<\/div>\n\t\t\t\t<\/div>\n\t\t\t\t<\/div>\n\t\t<div class=\"elementor-element elementor-element-52774e3 e-flex e-con-boxed e-con e-parent\" data-id=\"52774e3\" data-element_type=\"container\">\n\t\t\t\t\t<div class=\"e-con-inner\">\n\t\t<div class=\"elementor-element elementor-element-6dd4988 e-con-full e-flex e-con e-child\" data-id=\"6dd4988\" data-element_type=\"container\">\n\t\t<div class=\"elementor-element elementor-element-bb4d010 e-con-full e-flex e-con e-child\" data-id=\"bb4d010\" data-element_type=\"container\">\n\t\t\t\t<div class=\"elementor-element elementor-element-4cd944e elementor-widget elementor-widget-html\" data-id=\"4cd944e\" data-element_type=\"widget\" data-widget_type=\"html.default\">\n\t\t\t\t<div class=\"elementor-widget-container\">\n\t\t\t<iframe allowfullscreen=\"allowfullscreen\" allow=\"clipboard-write\" scrolling=\"no\" class=\"fp-iframe\" src=\"https:\/\/heyzine.com\/flip-book\/32c5eba21a.html\" style=\"border: 1px solid lightgray; width: 100%; height: 400px;\"><\/iframe>\t\t<\/div>\n\t\t\t\t<\/div>\n\t\t\t\t<\/div>\n\t\t\t\t<\/div>\n\t\t\t\t\t<\/div>\n\t\t\t\t<\/div>\n\t\t\t\t<\/div>","protected":false},"excerpt":{"rendered":"<p>En Mamut Art Studio, nos encanta crear cuentos m\u00e1gicos personalizados Te ofrecemos varias opciones para que puedas vivir y protagonizar tu propia aventura. 01 Cuentos personalizados con tus fotos\u200b Hablemos Sube tus fotos, dinos los nombres de los protagonistas, \u00a1y en pocos d\u00edas tendr\u00e1s tu propio cuento en formato f\u00edsico en casa!\u00a0 Estos son los [&hellip;]<\/p>","protected":false},"author":1,"featured_media":0,"parent":0,"menu_order":0,"comment_status":"closed","ping_status":"closed","template":"elementor_header_footer","meta":{"footnotes":""},"class_list":["post-1157","page","type-page","status-publish","hentry"],"yoast_head":"<!-- This site is optimized with the Yoast SEO plugin v23.4 - https:\/\/yoast.com\/wordpress\/plugins\/seo\/ -->\n<title>Cuentos personalizados - Mamut Art Studio<\/title>\n<meta name=\"robots\" content=\"index, follow, max-snippet:-1, max-image-preview:large, max-video-preview:-1\" \/>\n<link rel=\"canonical\" href=\"https:\/\/mamutartstudio.com\/ca\/cuentos-personalizados\/\" \/>\n<meta property=\"og:locale\" content=\"ca_ES\" \/>\n<meta property=\"og:type\" content=\"article\" \/>\n<meta property=\"og:title\" content=\"Cuentos personalizados - Mamut Art Studio\" \/>\n<meta property=\"og:description\" content=\"En Mamut Art Studio, nos encanta crear cuentos m\u00e1gicos personalizados Te ofrecemos varias opciones para que puedas vivir y protagonizar tu propia aventura. 01 Cuentos personalizados con tus fotos\u200b Hablemos Sube tus fotos, dinos los nombres de los protagonistas, \u00a1y en pocos d\u00edas tendr\u00e1s tu propio cuento en formato f\u00edsico en casa!\u00a0 Estos son los [&hellip;]\" \/>\n<meta property=\"og:url\" content=\"https:\/\/mamutartstudio.com\/ca\/cuentos-personalizados\/\" \/>\n<meta property=\"og:site_name\" content=\"Mamut Art Studio\" \/>\n<meta property=\"article:modified_time\" content=\"2025-07-29T13:03:24+00:00\" \/>\n<meta property=\"og:image\" content=\"https:\/\/mamutartstudio.com\/wp-content\/uploads\/2024\/12\/DSCF4136-1024x682.jpg\" \/>\n<meta name=\"twitter:card\" content=\"summary_large_image\" \/>\n<meta name=\"twitter:label1\" content=\"Temps estimat de lectura\" \/>\n\t<meta name=\"twitter:data1\" content=\"2 minuts\" \/>\n<script type=\"application\/ld+json\" class=\"yoast-schema-graph\">{\"@context\":\"https:\/\/schema.org\",\"@graph\":[{\"@type\":\"WebPage\",\"@id\":\"https:\/\/mamutartstudio.com\/cuentos-personalizados\/\",\"url\":\"https:\/\/mamutartstudio.com\/cuentos-personalizados\/\",\"name\":\"Cuentos personalizados - Mamut Art Studio\",\"isPartOf\":{\"@id\":\"https:\/\/mamutartstudio.com\/#website\"},\"primaryImageOfPage\":{\"@id\":\"https:\/\/mamutartstudio.com\/cuentos-personalizados\/#primaryimage\"},\"image\":{\"@id\":\"https:\/\/mamutartstudio.com\/cuentos-personalizados\/#primaryimage\"},\"thumbnailUrl\":\"https:\/\/mamutartstudio.com\/wp-content\/uploads\/2024\/12\/DSCF4136-1024x682.jpg\",\"datePublished\":\"2024-09-08T08:20:56+00:00\",\"dateModified\":\"2025-07-29T13:03:24+00:00\",\"breadcrumb\":{\"@id\":\"https:\/\/mamutartstudio.com\/cuentos-personalizados\/#breadcrumb\"},\"inLanguage\":\"ca\",\"potentialAction\":[{\"@type\":\"ReadAction\",\"target\":[\"https:\/\/mamutartstudio.com\/cuentos-personalizados\/\"]}]},{\"@type\":\"ImageObject\",\"inLanguage\":\"ca\",\"@id\":\"https:\/\/mamutartstudio.com\/cuentos-personalizados\/#primaryimage\",\"url\":\"https:\/\/mamutartstudio.com\/wp-content\/uploads\/2024\/12\/DSCF4136-1024x682.jpg\",\"contentUrl\":\"https:\/\/mamutartstudio.com\/wp-content\/uploads\/2024\/12\/DSCF4136-1024x682.jpg\"},{\"@type\":\"BreadcrumbList\",\"@id\":\"https:\/\/mamutartstudio.com\/cuentos-personalizados\/#breadcrumb\",\"itemListElement\":[{\"@type\":\"ListItem\",\"position\":1,\"name\":\"Home\",\"item\":\"https:\/\/mamutartstudio.com\/\"},{\"@type\":\"ListItem\",\"position\":2,\"name\":\"Cuentos personalizados\"}]},{\"@type\":\"WebSite\",\"@id\":\"https:\/\/mamutartstudio.com\/#website\",\"url\":\"https:\/\/mamutartstudio.com\/\",\"name\":\"Mamut Art Studio\",\"description\":\"\",\"publisher\":{\"@id\":\"https:\/\/mamutartstudio.com\/#organization\"},\"potentialAction\":[{\"@type\":\"SearchAction\",\"target\":{\"@type\":\"EntryPoint\",\"urlTemplate\":\"https:\/\/mamutartstudio.com\/?s={search_term_string}\"},\"query-input\":{\"@type\":\"PropertyValueSpecification\",\"valueRequired\":true,\"valueName\":\"search_term_string\"}}],\"inLanguage\":\"ca\"},{\"@type\":\"Organization\",\"@id\":\"https:\/\/mamutartstudio.com\/#organization\",\"name\":\"Mamut Art Studio\",\"url\":\"https:\/\/mamutartstudio.com\/\",\"logo\":{\"@type\":\"ImageObject\",\"inLanguage\":\"ca\",\"@id\":\"https:\/\/mamutartstudio.com\/#\/schema\/logo\/image\/\",\"url\":\"https:\/\/mamutartstudio.com\/wp-content\/uploads\/2024\/08\/MamutArtStudio_NewLogo-2-1-1.png\",\"contentUrl\":\"https:\/\/mamutartstudio.com\/wp-content\/uploads\/2024\/08\/MamutArtStudio_NewLogo-2-1-1.png\",\"width\":234,\"height\":81,\"caption\":\"Mamut Art Studio\"},\"image\":{\"@id\":\"https:\/\/mamutartstudio.com\/#\/schema\/logo\/image\/\"}}]}<\/script>\n<!-- \/ Yoast SEO plugin. -->","yoast_head_json":{"title":"Cuentos personalizados - Mamut Art Studio","robots":{"index":"index","follow":"follow","max-snippet":"max-snippet:-1","max-image-preview":"max-image-preview:large","max-video-preview":"max-video-preview:-1"},"canonical":"https:\/\/mamutartstudio.com\/ca\/cuentos-personalizados\/","og_locale":"ca_ES","og_type":"article","og_title":"Cuentos personalizados - Mamut Art Studio","og_description":"En Mamut Art Studio, nos encanta crear cuentos m\u00e1gicos personalizados Te ofrecemos varias opciones para que puedas vivir y protagonizar tu propia aventura. 01 Cuentos personalizados con tus fotos\u200b Hablemos Sube tus fotos, dinos los nombres de los protagonistas, \u00a1y en pocos d\u00edas tendr\u00e1s tu propio cuento en formato f\u00edsico en casa!\u00a0 Estos son los [&hellip;]","og_url":"https:\/\/mamutartstudio.com\/ca\/cuentos-personalizados\/","og_site_name":"Mamut Art Studio","article_modified_time":"2025-07-29T13:03:24+00:00","og_image":[{"url":"https:\/\/mamutartstudio.com\/wp-content\/uploads\/2024\/12\/DSCF4136-1024x682.jpg"}],"twitter_card":"summary_large_image","twitter_misc":{"Temps estimat de lectura":"2 minuts"},"schema":{"@context":"https:\/\/schema.org","@graph":[{"@type":"WebPage","@id":"https:\/\/mamutartstudio.com\/cuentos-personalizados\/","url":"https:\/\/mamutartstudio.com\/cuentos-personalizados\/","name":"Cuentos personalizados - Mamut Art Studio","isPartOf":{"@id":"https:\/\/mamutartstudio.com\/#website"},"primaryImageOfPage":{"@id":"https:\/\/mamutartstudio.com\/cuentos-personalizados\/#primaryimage"},"image":{"@id":"https:\/\/mamutartstudio.com\/cuentos-personalizados\/#primaryimage"},"thumbnailUrl":"https:\/\/mamutartstudio.com\/wp-content\/uploads\/2024\/12\/DSCF4136-1024x682.jpg","datePublished":"2024-09-08T08:20:56+00:00","dateModified":"2025-07-29T13:03:24+00:00","breadcrumb":{"@id":"https:\/\/mamutartstudio.com\/cuentos-personalizados\/#breadcrumb"},"inLanguage":"ca","potentialAction":[{"@type":"ReadAction","target":["https:\/\/mamutartstudio.com\/cuentos-personalizados\/"]}]},{"@type":"ImageObject","inLanguage":"ca","@id":"https:\/\/mamutartstudio.com\/cuentos-personalizados\/#primaryimage","url":"https:\/\/mamutartstudio.com\/wp-content\/uploads\/2024\/12\/DSCF4136-1024x682.jpg","contentUrl":"https:\/\/mamutartstudio.com\/wp-content\/uploads\/2024\/12\/DSCF4136-1024x682.jpg"},{"@type":"BreadcrumbList","@id":"https:\/\/mamutartstudio.com\/cuentos-personalizados\/#breadcrumb","itemListElement":[{"@type":"ListItem","position":1,"name":"Home","item":"https:\/\/mamutartstudio.com\/"},{"@type":"ListItem","position":2,"name":"Cuentos personalizados"}]},{"@type":"WebSite","@id":"https:\/\/mamutartstudio.com\/#website","url":"https:\/\/mamutartstudio.com\/","name":"Mamut Art Studio","description":"","publisher":{"@id":"https:\/\/mamutartstudio.com\/#organization"},"potentialAction":[{"@type":"SearchAction","target":{"@type":"EntryPoint","urlTemplate":"https:\/\/mamutartstudio.com\/?s={search_term_string}"},"query-input":{"@type":"PropertyValueSpecification","valueRequired":true,"valueName":"search_term_string"}}],"inLanguage":"ca"},{"@type":"Organization","@id":"https:\/\/mamutartstudio.com\/#organization","name":"Mamut Art Studio","url":"https:\/\/mamutartstudio.com\/","logo":{"@type":"ImageObject","inLanguage":"ca","@id":"https:\/\/mamutartstudio.com\/#\/schema\/logo\/image\/","url":"https:\/\/mamutartstudio.com\/wp-content\/uploads\/2024\/08\/MamutArtStudio_NewLogo-2-1-1.png","contentUrl":"https:\/\/mamutartstudio.com\/wp-content\/uploads\/2024\/08\/MamutArtStudio_NewLogo-2-1-1.png","width":234,"height":81,"caption":"Mamut Art Studio"},"image":{"@id":"https:\/\/mamutartstudio.com\/#\/schema\/logo\/image\/"}}]}},"_links":{"self":[{"href":"https:\/\/mamutartstudio.com\/ca\/wp-json\/wp\/v2\/pages\/1157","targetHints":{"allow":["GET"]}}],"collection":[{"href":"https:\/\/mamutartstudio.com\/ca\/wp-json\/wp\/v2\/pages"}],"about":[{"href":"https:\/\/mamutartstudio.com\/ca\/wp-json\/wp\/v2\/types\/page"}],"author":[{"embeddable":true,"href":"https:\/\/mamutartstudio.com\/ca\/wp-json\/wp\/v2\/users\/1"}],"replies":[{"embeddable":true,"href":"https:\/\/mamutartstudio.com\/ca\/wp-json\/wp\/v2\/comments?post=1157"}],"version-history":[{"count":98,"href":"https:\/\/mamutartstudio.com\/ca\/wp-json\/wp\/v2\/pages\/1157\/revisions"}],"predecessor-version":[{"id":2377,"href":"https:\/\/mamutartstudio.com\/ca\/wp-json\/wp\/v2\/pages\/1157\/revisions\/2377"}],"wp:attachment":[{"href":"https:\/\/mamutartstudio.com\/ca\/wp-json\/wp\/v2\/media?parent=1157"}],"curies":[{"name":"wp","href":"https:\/\/api.w.org\/{rel}","templated":true}]}}